{"id":2,"date":"2024-02-01T15:03:58","date_gmt":"2024-02-01T14:03:58","guid":{"rendered":"http:\/\/hdplayer.es\/?page_id=2"},"modified":"2025-07-22T08:16:42","modified_gmt":"2025-07-22T06:16:42","slug":"pagina-ejemplo","status":"publish","type":"page","link":"https:\/\/hdplayer.es\/","title":{"rendered":"Contenido:"},"content":{"rendered":"\n<p>Bienvenidos a mi web para servico t\u00e9cnico de equipos usado en se\u00f1alizaci\u00f3n digital. ( Digital Signage). <\/p>\n\n\n\n<blockquote class=\"wp-block-quote is-layout-flow wp-block-quote-is-layout-flow\">\n<p>Que vamos a ver aqu\u00ed?<\/p>\n<\/blockquote>\n\n\n\n<p>1.- Todo el software necesario para poder<a href=\"https:\/\/hdplayer.es\/index.php\/descargas\/\" data-type=\"page\" data-id=\"15\"> instalar <\/a>y maneja nuestros equipos para \u00abDigital Signage\u00bb.<\/p>\n\n\n\n<p>2.- <a href=\"https:\/\/hdplayer.es\/index.php\/manual-hdplayer\/\" data-type=\"page\" data-id=\"109\">Manuales<\/a> de como usar los equipos.<\/p>\n\n\n\n<p>3.- <a href=\"https:\/\/hdplayer.es\/index.php\/manual-hdplayer\/\" data-type=\"page\" data-id=\"109\">Manuales<\/a> de uso del software disponible.<\/p>\n\n\n\n<p>4.- Respuestas a las <a href=\"https:\/\/hdplayer.es\/index.php\/preguntas-frecuentes-hdplayer\/\" data-type=\"page\" data-id=\"238\">preguntas<\/a> mas usuales del manejo de los equipos.<\/p>\n\n\n\n<p>5.- <a href=\"https:\/\/hdplayer.es\/index.php\/registrar\/\" data-type=\"page\" data-id=\"287\">Suscripcion<\/a> a las noticias y novedades de nuestros equipos y software<\/p>\n\n\n\n<p>6.- <strong><a href=\"https:\/\/hdplayer.es\/index.php\/hdremote\">Software LIBRE <\/a><\/strong>para ayudar por control remoto a los clientes<\/p>\n\n\n\n<p class=\"has-pale-cyan-blue-background-color has-text-color has-background has-link-color has-medium-font-size wp-elements-0633060aaaeeb5ab5f5eefcdeb5ddcbc\" style=\"color:#ff0000\">Lo mas importante <strong><a href=\"https:\/\/hdplayer.es\/index.php\/descargas\/\" data-type=\"page\" data-id=\"15\">DESCARGAS<\/a><\/strong> y el <strong><a href=\"https:\/\/hdplayer.es\/index.php\/manual-de-hdplayer-huidu\/\" data-type=\"page\" data-id=\"109\">MANUAL<\/a><\/strong><\/p>\n\n\n\n<p>Tambien puedes hacerme consultas desde este <a href=\"https:\/\/hdplayer.es\/index.php\/registrar\/\" data-type=\"page\" data-id=\"287\">FORMULARIO<\/a> que esta AL PIE.<\/p>\n\n\n\n<blockquote class=\"wp-block-quote is-layout-flow wp-block-quote-is-layout-flow\">\n<p>La web  \u00abhdplayer.es\u00bb esta siendo creada constantemente sobre el material que sigue apareciendo para el mundo de la se\u00f1alizaci\u00f3n digital.<\/p>\n<\/blockquote>\n\n\n\n<p>Como nuevo usuario de hdplayer.es, deber\u00edas pasarte por aqui de vez en cuando para ver las novedades. \u00a1Os espero pronto!<\/p>\n\n\n","protected":false},"excerpt":{"rendered":"<p>Bienvenidos a mi web para servico t\u00e9cnico de equipos usado en se\u00f1alizaci\u00f3n digital. ( Digital Signage). Que vamos a ver aqu\u00ed? 1.- Todo el software necesario para poder instalar y maneja nuestros equipos para \u00abDigital Signage\u00bb. 2.- Manuales de como usar los equipos. 3.- Manuales de uso del software disponible. 4.- Respuestas a las preguntas [&hellip;]<\/p>\n","protected":false},"author":1,"featured_media":0,"parent":0,"menu_order":0,"comment_status":"closed","ping_status":"open","template":"","meta":{"footnotes":""},"class_list":["post-2","page","type-page","status-publish","hentry"],"_links":{"self":[{"href":"https:\/\/hdplayer.es\/index.php\/wp-json\/wp\/v2\/pages\/2","targetHints":{"allow":["GET"]}}],"collection":[{"href":"https:\/\/hdplayer.es\/index.php\/wp-json\/wp\/v2\/pages"}],"about":[{"href":"https:\/\/hdplayer.es\/index.php\/wp-json\/wp\/v2\/types\/page"}],"author":[{"embeddable":true,"href":"https:\/\/hdplayer.es\/index.php\/wp-json\/wp\/v2\/users\/1"}],"replies":[{"embeddable":true,"href":"https:\/\/hdplayer.es\/index.php\/wp-json\/wp\/v2\/comments?post=2"}],"version-history":[{"count":16,"href":"https:\/\/hdplayer.es\/index.php\/wp-json\/wp\/v2\/pages\/2\/revisions"}],"predecessor-version":[{"id":471,"href":"https:\/\/hdplayer.es\/index.php\/wp-json\/wp\/v2\/pages\/2\/revisions\/471"}],"wp:attachment":[{"href":"https:\/\/hdplayer.es\/index.php\/wp-json\/wp\/v2\/media?parent=2"}],"curies":[{"name":"wp","href":"https:\/\/api.w.org\/{rel}","templated":true}]}}